{"id":13404,"date":"2021-08-03T11:13:36","date_gmt":"2021-08-03T10:13:36","guid":{"rendered":"https:\/\/apigroupe.com\/?page_id=13404"},"modified":"2021-12-07T20:31:01","modified_gmt":"2021-12-07T19:31:01","slug":"dr-vincent-carre","status":"publish","type":"page","link":"https:\/\/apigroupe.com\/en\/dental-clinic-laval\/dr-vincent-carre\/","title":{"rendered":"Dr Vincent Carr\u00e9"},"content":{"rendered":"<p>[vc_row][vc_column]        <style>\n            @media (min-width:426px) {\n                .cover{\n                height:23.5vw!important;                }\n\t\t\t\t\n            }\n\t\t\t  @media (max-width:425px) {\n                .cover{\n                \theight: 54.5vw !important;\n    \t\t\t\tbackground-color: #081d31;\n                }\n\t\t\t\t\n            }\n        <\/style>\n        <div class=\"cover\" >\n\n                            <div class=\"desktop\">\n                    <img decoding=\"async\" width=\"1997\" height=\"481\" src=\"https:\/\/apigroupe.com\/wp-content\/uploads\/2017\/12\/cover-viruspage.jpg\" class=\"attachment-full size-full\" alt=\"virus sante communication\" \/>                <\/div>\n                <div class=\"mobile\">\n\t\t\t\t\n                 <\/div>\n                    <\/div>\n        [vc_column_text css=&#8221;.vc_custom_1522408225046{margin-top: 10px !important;margin-bottom: 0px !important;padding-bottom: 0px !important;}&#8221; el_class=&#8221;content20vw light&#8221;]<span><span><a href=\"https:\/\/apigroupe.com\/en\/\">Dentiste - APIGroupe<\/a><\/span><\/span>[\/vc_column_text]        <div class=\"firstContent\" style=\"min-height:initial;\">\n            <div class=\"content\" style=\"\">\n                <h1 class=\"title\">Dr. Vincent Carr\u00e9<\/h1>\n                <\/p>\n<h2 class=\"font18 pmargin15\">General Dentist in Laval<\/h2>\n<p>                <div>\n                                    <\/div>\n            <\/div>\n        <\/div>\n        [\/vc_column][\/vc_row][vc_row el_class=&#8221;content20vw light vw985 nopaddings&#8221;][vc_column width=&#8221;4\/12&#8243;][vc_single_image image=&#8221;9463&#8243; img_size=&#8221;full&#8221;][\/vc_column][vc_column width=&#8221;8\/12&#8243; el_class=&#8221;padding-trbl&#8221;][vc_column_text]<\/p>\n<p class=\"font18 mfont16\">Dr. Vincent Carr\u00e9 graduated from Universit\u00e9 Laval in dentistry in 2019. He joined the great team of Groupe dentaire API in order to accomplish a specific goal: to improve the quality of life and give the desire to smile to as many people as possible. With this in mind, he is building a diverse practice and touching on various dental disciplines. He is particularly interested in cosmetic dentistry and dental surgery. He also follows the constant developments in his field of practice with passion. This ensures that he stays abreast of the best techniques and technologies and puts them to work for his patients!<\/p>\n<p>&nbsp;<\/p>\n<p class=\"font18 mfont16\">Always in search of adrenaline, Dr. Vincent Carr\u00e9 enjoys many activities outside his profession as a dentist. He is fond of sports, especially downhill skiing and kitesurfing.<\/p>\n<p>[\/vc_column_text][\/vc_column][\/vc_row][vc_row el_class=&#8221;content20vw light vw985 nopaddings&#8221;][vc_column]        <div class=\"simpleContent \" style=\"\">\n            <\/p>\n<h2 class=\"allUp font20 bold\"><b>Where does he practice?<\/b><br \/>\nAPI Dental Clinic in Laval<\/h2>\n<p>        <\/div>\n        [vc_row_inner][vc_column_inner width=&#8221;2\/3&#8243;][vc_gmaps link=&#8221;#E-8_JTNDaWZyYW1lJTIwc3JjJTNEJTIyaHR0cHMlM0ElMkYlMkZ3d3cuZ29vZ2xlLmNvbSUyRm1hcHMlMkZlbWJlZCUzRnBiJTNEJTIxMW0xNCUyMTFtOCUyMTFtMyUyMTFkMjc5MS4wMzIyNTkxMjkwNDM3JTIxMmQtNzMuNzE5Nzg3OTAwMDAwMDMlMjEzZDQ1LjYwOTk5NTclMjEzbTIlMjExaTEwMjQlMjEyaTc2OCUyMTRmMTMuMSUyMTNtMyUyMTFtMiUyMTFzMHgwJTI1M0EweDAlMjEyek5EWENzRE0ySnpNMkxqQWlUaUEzTThLd05ETW5NVEV1TWlKWCUyMTVlMCUyMTNtMiUyMTFzZnIlMjEyc3RuJTIxNHYxNjI2MTY1ODY0ODg2JTIxNW0yJTIxMXNmciUyMTJzdG4lMjIlMjB3aWR0aCUzRCUyMjEwMCUyNSUyMiUyMGhlaWdodCUzRCUyMjMwMCUyMiUyMHN0eWxlJTNEJTIyYm9yZGVyJTNBMCUzQiUyMiUyMGFsbG93ZnVsbHNjcmVlbiUzRCUyMiUyMiUyMGxvYWRpbmclM0QlMjJsYXp5JTIyJTNFJTNDJTJGaWZyYW1lJTNF&#8221;][\/vc_column_inner][vc_column_inner el_class=&#8221;padding-trbl&#8221; width=&#8221;1\/3&#8243;]        <div class=\"simpleContent \" style=\"\">\n            <\/p>\n<p class=\"font18\" style=\"margin-top: 1vw;\">280 Dagenais Boulevard E,<\/p>\n<p class=\"font18\">Laval, QC H7M 5H4<\/p>\n<p class=\"font18\" style=\"margin-top: 1vw;\"><b>Opening hours<\/b><\/p>\n<p class=\"font18\">Monday to Wednesday: 8:30 a.m. &#8211; 8 p.m.<\/p>\n<p class=\"font18\">Thursday: 9 am &#8211; 8 pm<\/p>\n<p class=\"font18\">Friday: 8:30 am &#8211; 4:30 pm<\/p>\n<p class=\"font18\">Every other Saturday (*): 9 am &#8211; 1 pm<\/p>\n<p style=\"margin-top: 1vw;\"><a class=\"font18 \" href=\"tel:4506626060\"><b>Phone number :<\/b> 450 662-6060 <\/a><\/p>\n<p style=\"margin-top: 1vw;\"><a class=\"font18\" href=\"https:\/\/apigroupe.com\/en\/dental-clinic-laval\/\">https:\/\/apigroupe.com\/en\/dental-clinic-laval\/<\/a><\/p>\n<p>        <\/div>\n        [vc_empty_space][\/vc_column_inner][\/vc_row_inner]        <div class=\"simpleContent \" style=\"\">\n            <\/p>\n<h2 class=\"allUp font20 bold\"><b> Specific interests of Dr. Vincent Carr\u00e9, general dentist in Laval<\/b><\/h2>\n<ul>\n<li class=\"font18\"><a href=\"\/en\/dental-services\/oral-surgery\/\"><b>Dental Surgery<\/b><\/a><\/li>\n<li class=\"font18\"><a href=\"\/en\/dental-services\/cosmetic-dentistry\/\"><b>Cosmetic dentistry<\/b><\/a><\/li>\n<\/ul>\n<p>        <\/div>\n        [vc_empty_space][\/vc_column][\/vc_row]<\/p>\n","protected":false},"excerpt":{"rendered":"<p>Dr. Vincent Carr\u00e9 graduated from Universit\u00e9 Laval in dentistry in 2019. He joined the great team of Groupe dentaire API in order to&#8230;<\/p>\n","protected":false},"author":4,"featured_media":0,"parent":5247,"menu_order":0,"comment_status":"closed","ping_status":"closed","template":"","meta":{"_acf_changed":false,"footnotes":""},"class_list":["post-13404","page","type-page","status-publish","hentry"],"acf":[],"yoast_head":"<!-- This site is optimized with the Yoast SEO plugin v27.2 - https:\/\/yoast.com\/product\/yoast-seo-wordpress\/ -->\n<title>Dr Vincent Carr\u00e9<\/title>\n<meta name=\"robots\" content=\"index, follow, max-snippet:-1, max-image-preview:large, max-video-preview:-1\" \/>\n<link rel=\"canonical\" href=\"https:\/\/apigroupe.com\/en\/dental-clinic-laval\/dr-vincent-carre\/\" \/>\n<meta property=\"og:locale\" content=\"en_US\" \/>\n<meta property=\"og:type\" content=\"article\" \/>\n<meta property=\"og:title\" content=\"Dr Vincent Carr\u00e9\" \/>\n<meta property=\"og:description\" content=\"Dr. Vincent Carr\u00e9 graduated from Universit\u00e9 Laval in dentistry in 2019. He joined the great team of Groupe dentaire API in order to...\" \/>\n<meta property=\"og:url\" content=\"https:\/\/apigroupe.com\/en\/dental-clinic-laval\/dr-vincent-carre\/\" \/>\n<meta property=\"og:site_name\" content=\"apigroupe\" \/>\n<meta property=\"article:modified_time\" content=\"2021-12-07T19:31:01+00:00\" \/>\n<meta name=\"twitter:card\" content=\"summary_large_image\" \/>\n<meta name=\"twitter:label1\" content=\"Est. reading time\" \/>\n\t<meta name=\"twitter:data1\" content=\"2 minutes\" \/>\n<script type=\"application\/ld+json\" class=\"yoast-schema-graph\">{\"@context\":\"https:\/\/schema.org\",\"@graph\":[{\"@type\":\"WebPage\",\"@id\":\"https:\/\/apigroupe.com\/en\/dental-clinic-laval\/dr-vincent-carre\/\",\"url\":\"https:\/\/apigroupe.com\/en\/dental-clinic-laval\/dr-vincent-carre\/\",\"name\":\"Dr Vincent Carr\u00e9\",\"isPartOf\":{\"@id\":\"https:\/\/apigroupe.com\/en\/#website\"},\"datePublished\":\"2021-08-03T10:13:36+00:00\",\"dateModified\":\"2021-12-07T19:31:01+00:00\",\"breadcrumb\":{\"@id\":\"https:\/\/apigroupe.com\/en\/dental-clinic-laval\/dr-vincent-carre\/#breadcrumb\"},\"inLanguage\":\"en-US\",\"potentialAction\":[{\"@type\":\"ReadAction\",\"target\":[\"https:\/\/apigroupe.com\/en\/dental-clinic-laval\/dr-vincent-carre\/\"]}]},{\"@type\":\"BreadcrumbList\",\"@id\":\"https:\/\/apigroupe.com\/en\/dental-clinic-laval\/dr-vincent-carre\/#breadcrumb\",\"itemListElement\":[{\"@type\":\"ListItem\",\"position\":1,\"name\":\"Dentiste - APIGroupe\",\"item\":\"https:\/\/apigroupe.com\/en\/\"},{\"@type\":\"ListItem\",\"position\":2,\"name\":\"Dental clinic laval\",\"item\":\"https:\/\/apigroupe.com\/en\/dental-clinic-laval\/\"},{\"@type\":\"ListItem\",\"position\":3,\"name\":\"Dr Vincent Carr\u00e9\"}]},{\"@type\":\"WebSite\",\"@id\":\"https:\/\/apigroupe.com\/en\/#website\",\"url\":\"https:\/\/apigroupe.com\/en\/\",\"name\":\"apigroupe\",\"description\":\"Apigroupe\",\"potentialAction\":[{\"@type\":\"SearchAction\",\"target\":{\"@type\":\"EntryPoint\",\"urlTemplate\":\"https:\/\/apigroupe.com\/en\/?s={search_term_string}\"},\"query-input\":{\"@type\":\"PropertyValueSpecification\",\"valueRequired\":true,\"valueName\":\"search_term_string\"}}],\"inLanguage\":\"en-US\"}]}<\/script>\n<!-- \/ Yoast SEO plugin. -->","yoast_head_json":{"title":"Dr Vincent Carr\u00e9","robots":{"index":"index","follow":"follow","max-snippet":"max-snippet:-1","max-image-preview":"max-image-preview:large","max-video-preview":"max-video-preview:-1"},"canonical":"https:\/\/apigroupe.com\/en\/dental-clinic-laval\/dr-vincent-carre\/","og_locale":"en_US","og_type":"article","og_title":"Dr Vincent Carr\u00e9","og_description":"Dr. Vincent Carr\u00e9 graduated from Universit\u00e9 Laval in dentistry in 2019. He joined the great team of Groupe dentaire API in order to...","og_url":"https:\/\/apigroupe.com\/en\/dental-clinic-laval\/dr-vincent-carre\/","og_site_name":"apigroupe","article_modified_time":"2021-12-07T19:31:01+00:00","twitter_card":"summary_large_image","twitter_misc":{"Est. reading time":"2 minutes"},"schema":{"@context":"https:\/\/schema.org","@graph":[{"@type":"WebPage","@id":"https:\/\/apigroupe.com\/en\/dental-clinic-laval\/dr-vincent-carre\/","url":"https:\/\/apigroupe.com\/en\/dental-clinic-laval\/dr-vincent-carre\/","name":"Dr Vincent Carr\u00e9","isPartOf":{"@id":"https:\/\/apigroupe.com\/en\/#website"},"datePublished":"2021-08-03T10:13:36+00:00","dateModified":"2021-12-07T19:31:01+00:00","breadcrumb":{"@id":"https:\/\/apigroupe.com\/en\/dental-clinic-laval\/dr-vincent-carre\/#breadcrumb"},"inLanguage":"en-US","potentialAction":[{"@type":"ReadAction","target":["https:\/\/apigroupe.com\/en\/dental-clinic-laval\/dr-vincent-carre\/"]}]},{"@type":"BreadcrumbList","@id":"https:\/\/apigroupe.com\/en\/dental-clinic-laval\/dr-vincent-carre\/#breadcrumb","itemListElement":[{"@type":"ListItem","position":1,"name":"Dentiste - APIGroupe","item":"https:\/\/apigroupe.com\/en\/"},{"@type":"ListItem","position":2,"name":"Dental clinic laval","item":"https:\/\/apigroupe.com\/en\/dental-clinic-laval\/"},{"@type":"ListItem","position":3,"name":"Dr Vincent Carr\u00e9"}]},{"@type":"WebSite","@id":"https:\/\/apigroupe.com\/en\/#website","url":"https:\/\/apigroupe.com\/en\/","name":"apigroupe","description":"Apigroupe","potentialAction":[{"@type":"SearchAction","target":{"@type":"EntryPoint","urlTemplate":"https:\/\/apigroupe.com\/en\/?s={search_term_string}"},"query-input":{"@type":"PropertyValueSpecification","valueRequired":true,"valueName":"search_term_string"}}],"inLanguage":"en-US"}]}},"_links":{"self":[{"href":"https:\/\/apigroupe.com\/en\/wp-json\/wp\/v2\/pages\/13404","targetHints":{"allow":["GET"]}}],"collection":[{"href":"https:\/\/apigroupe.com\/en\/wp-json\/wp\/v2\/pages"}],"about":[{"href":"https:\/\/apigroupe.com\/en\/wp-json\/wp\/v2\/types\/page"}],"author":[{"embeddable":true,"href":"https:\/\/apigroupe.com\/en\/wp-json\/wp\/v2\/users\/4"}],"replies":[{"embeddable":true,"href":"https:\/\/apigroupe.com\/en\/wp-json\/wp\/v2\/comments?post=13404"}],"version-history":[{"count":4,"href":"https:\/\/apigroupe.com\/en\/wp-json\/wp\/v2\/pages\/13404\/revisions"}],"predecessor-version":[{"id":13864,"href":"https:\/\/apigroupe.com\/en\/wp-json\/wp\/v2\/pages\/13404\/revisions\/13864"}],"up":[{"embeddable":true,"href":"https:\/\/apigroupe.com\/en\/wp-json\/wp\/v2\/pages\/5247"}],"wp:attachment":[{"href":"https:\/\/apigroupe.com\/en\/wp-json\/wp\/v2\/media?parent=13404"}],"curies":[{"name":"wp","href":"https:\/\/api.w.org\/{rel}","templated":true}]}}