{"id":13392,"date":"2021-08-03T11:09:19","date_gmt":"2021-08-03T10:09:19","guid":{"rendered":"https:\/\/apigroupe.com\/?page_id=13392"},"modified":"2021-12-07T20:30:45","modified_gmt":"2021-12-07T19:30:45","slug":"dr-jacques-leonard","status":"publish","type":"page","link":"https:\/\/apigroupe.com\/en\/dental-clinic-laval\/dr-jacques-leonard\/","title":{"rendered":"Dr Jacques L\u00e9onard"},"content":{"rendered":"<p>[vc_row][vc_column]        <style>\n            @media (min-width:426px) {\n                .cover{\n                height:23.5vw!important;                }\n\t\t\t\t\n            }\n\t\t\t  @media (max-width:425px) {\n                .cover{\n                \theight: 54.5vw !important;\n    \t\t\t\tbackground-color: #081d31;\n                }\n\t\t\t\t\n            }\n        <\/style>\n        <div class=\"cover\" >\n\n                            <div class=\"desktop\">\n                    <img decoding=\"async\" width=\"1997\" height=\"481\" src=\"https:\/\/apigroupe.com\/wp-content\/uploads\/2017\/12\/cover-viruspage.jpg\" class=\"attachment-full size-full\" alt=\"virus sante communication\" \/>                <\/div>\n                <div class=\"mobile\">\n\t\t\t\t\n                 <\/div>\n                    <\/div>\n        [vc_column_text css=&#8221;.vc_custom_1522408225046{margin-top: 10px !important;margin-bottom: 0px !important;padding-bottom: 0px !important;}&#8221; el_class=&#8221;content20vw light&#8221;]<span><span><a href=\"https:\/\/apigroupe.com\/en\/\">Dentiste - APIGroupe<\/a><\/span><\/span>[\/vc_column_text]        <div class=\"firstContent\" style=\"min-height:initial;\">\n            <div class=\"content\" style=\"\">\n                <h1 class=\"title\">Dr. Jacques L\u00e9onard<\/h1>\n                <\/p>\n<h2 class=\"font18 pmargin15\">General Dentist in Laval<\/h2>\n<p>                <div>\n                                    <\/div>\n            <\/div>\n        <\/div>\n        [\/vc_column][\/vc_row][vc_row el_class=&#8221;content20vw light vw985 nopaddings&#8221;][vc_column width=&#8221;4\/12&#8243;][vc_single_image image=&#8221;14008&#8243; img_size=&#8221;full&#8221;][\/vc_column][vc_column width=&#8221;8\/12&#8243; el_class=&#8221;padding-trbl&#8221;][vc_column_text]<\/p>\n<p class=\"font18 mfont16\">Dr. Jacques L\u00e9onard, general dentist, received his degree in dentistry from Universit\u00e9 Laval. Since then, he has developed a varied practice of dentistry. In order to improve his skills and acquire new methods, he has taken several continuing education courses. Among the disciplines he has touched during his dental practice, one stands out for him: orthodontics. He has participated in numerous courses and professional conferences on the subject. This has allowed him to refine his techniques and improve the quality of the dental treatments he offers. Dr. L\u00e9onard recognizes that there is a link between the health and appearance of the mouth and teeth and self-esteem. He is aware of the impact of misaligned teeth on the ego of his patients, young and old, and that is why he works to restore their smile. He is also used to interacting with people of all ages, and he always gives them the same importance!<\/p>\n<p>&nbsp;<\/p>\n<p class=\"font18 mfont16\">Although dentistry is a central part of his life, he has many other interests and passions. The most important of these? Music!<\/p>\n<p>[\/vc_column_text][\/vc_column][\/vc_row][vc_row el_class=&#8221;content20vw light vw985 nopaddings&#8221;][vc_column]        <div class=\"simpleContent \" style=\"\">\n            <\/p>\n<h2 class=\"allUp font20 bold\"><b>Where does he practice?<\/b><br \/>\nAPI Dental Clinic in Laval<\/h2>\n<p>        <\/div>\n        [vc_row_inner][vc_column_inner width=&#8221;2\/3&#8243;][vc_gmaps link=&#8221;#E-8_JTNDaWZyYW1lJTIwc3JjJTNEJTIyaHR0cHMlM0ElMkYlMkZ3d3cuZ29vZ2xlLmNvbSUyRm1hcHMlMkZlbWJlZCUzRnBiJTNEJTIxMW0xNCUyMTFtOCUyMTFtMyUyMTFkMjc5MS4wMzIyNTkxMjkwNDM3JTIxMmQtNzMuNzE5Nzg3OTAwMDAwMDMlMjEzZDQ1LjYwOTk5NTclMjEzbTIlMjExaTEwMjQlMjEyaTc2OCUyMTRmMTMuMSUyMTNtMyUyMTFtMiUyMTFzMHgwJTI1M0EweDAlMjEyek5EWENzRE0ySnpNMkxqQWlUaUEzTThLd05ETW5NVEV1TWlKWCUyMTVlMCUyMTNtMiUyMTFzZnIlMjEyc3RuJTIxNHYxNjI2MTY1ODY0ODg2JTIxNW0yJTIxMXNmciUyMTJzdG4lMjIlMjB3aWR0aCUzRCUyMjEwMCUyNSUyMiUyMGhlaWdodCUzRCUyMjMwMCUyMiUyMHN0eWxlJTNEJTIyYm9yZGVyJTNBMCUzQiUyMiUyMGFsbG93ZnVsbHNjcmVlbiUzRCUyMiUyMiUyMGxvYWRpbmclM0QlMjJsYXp5JTIyJTNFJTNDJTJGaWZyYW1lJTNF&#8221;][\/vc_column_inner][vc_column_inner el_class=&#8221;padding-trbl&#8221; width=&#8221;1\/3&#8243;]        <div class=\"simpleContent \" style=\"\">\n            <\/p>\n<p class=\"font18\" style=\"margin-top: 1vw;\">280 Dagenais Boulevard E,<\/p>\n<p class=\"font18\">Laval, QC H7M 5H4<\/p>\n<p class=\"font18\" style=\"margin-top: 1vw;\"><b>Opening hours<\/b><\/p>\n<p class=\"font18\">Monday to Wednesday: 8:30 a.m. &#8211; 8 p.m.<\/p>\n<p class=\"font18\">Thursday: 9 am &#8211; 8 pm<\/p>\n<p class=\"font18\">Friday: 8:30 am &#8211; 4:30 pm<\/p>\n<p class=\"font18\">Every other Saturday (*): 9 am &#8211; 1 pm<\/p>\n<p style=\"margin-top: 1vw;\"><a class=\"font18 \" href=\"tel:4506626060\"><b>Phone number:<\/b> 450 662-6060 <\/a><\/p>\n<p style=\"margin-top: 1vw;\"><a class=\"font18\" href=\"https:\/\/apigroupe.com\/en\/dental-clinic-laval\/\">https:\/\/apigroupe.com\/en\/dental-clinic-laval\/<\/a><\/p>\n<p>        <\/div>\n        [vc_empty_space][\/vc_column_inner][\/vc_row_inner]        <div class=\"simpleContent \" style=\"\">\n            <\/p>\n<h2 class=\"allUp font20 bold\"><b>Specific interests of Dr. Jacques L\u00e9onard, general dentist in Laval<\/b><\/h2>\n<ul>\n<li class=\"font18\"><a href=\"\/en\/dental-services\/orthodontics\/\"><b>Orthodontics<\/b><\/a><\/li>\n<\/ul>\n<p>        <\/div>\n        [vc_empty_space][\/vc_column][\/vc_row]<\/p>\n","protected":false},"excerpt":{"rendered":"<p>Dr. Jacques L\u00e9onard, general dentist, received his degree in dentistry from Universit\u00e9 Laval. Since then, he has developed a varied&#8230;<\/p>\n","protected":false},"author":4,"featured_media":0,"parent":5247,"menu_order":0,"comment_status":"closed","ping_status":"closed","template":"","meta":{"_acf_changed":false,"footnotes":""},"class_list":["post-13392","page","type-page","status-publish","hentry"],"acf":[],"yoast_head":"<!-- This site is optimized with the Yoast SEO plugin v27.3 - https:\/\/yoast.com\/product\/yoast-seo-wordpress\/ -->\n<title>Dr Jacques L\u00e9onard<\/title>\n<meta name=\"robots\" content=\"index, follow, max-snippet:-1, max-image-preview:large, max-video-preview:-1\" \/>\n<link rel=\"canonical\" href=\"https:\/\/apigroupe.com\/en\/dental-clinic-laval\/dr-jacques-leonard\/\" \/>\n<meta property=\"og:locale\" content=\"en_US\" \/>\n<meta property=\"og:type\" content=\"article\" \/>\n<meta property=\"og:title\" content=\"Dr Jacques L\u00e9onard\" \/>\n<meta property=\"og:description\" content=\"Dr. Jacques L\u00e9onard, general dentist, received his degree in dentistry from Universit\u00e9 Laval. Since then, he has developed a varied...\" \/>\n<meta property=\"og:url\" content=\"https:\/\/apigroupe.com\/en\/dental-clinic-laval\/dr-jacques-leonard\/\" \/>\n<meta property=\"og:site_name\" content=\"apigroupe\" \/>\n<meta property=\"article:modified_time\" content=\"2021-12-07T19:30:45+00:00\" \/>\n<meta name=\"twitter:card\" content=\"summary_large_image\" \/>\n<meta name=\"twitter:label1\" content=\"Est. reading time\" \/>\n\t<meta name=\"twitter:data1\" content=\"2 minutes\" \/>\n<script type=\"application\/ld+json\" class=\"yoast-schema-graph\">{\"@context\":\"https:\\\/\\\/schema.org\",\"@graph\":[{\"@type\":\"WebPage\",\"@id\":\"https:\\\/\\\/apigroupe.com\\\/en\\\/dental-clinic-laval\\\/dr-jacques-leonard\\\/\",\"url\":\"https:\\\/\\\/apigroupe.com\\\/en\\\/dental-clinic-laval\\\/dr-jacques-leonard\\\/\",\"name\":\"Dr Jacques L\u00e9onard\",\"isPartOf\":{\"@id\":\"https:\\\/\\\/apigroupe.com\\\/en\\\/#website\"},\"datePublished\":\"2021-08-03T10:09:19+00:00\",\"dateModified\":\"2021-12-07T19:30:45+00:00\",\"breadcrumb\":{\"@id\":\"https:\\\/\\\/apigroupe.com\\\/en\\\/dental-clinic-laval\\\/dr-jacques-leonard\\\/#breadcrumb\"},\"inLanguage\":\"en-US\",\"potentialAction\":[{\"@type\":\"ReadAction\",\"target\":[\"https:\\\/\\\/apigroupe.com\\\/en\\\/dental-clinic-laval\\\/dr-jacques-leonard\\\/\"]}]},{\"@type\":\"BreadcrumbList\",\"@id\":\"https:\\\/\\\/apigroupe.com\\\/en\\\/dental-clinic-laval\\\/dr-jacques-leonard\\\/#breadcrumb\",\"itemListElement\":[{\"@type\":\"ListItem\",\"position\":1,\"name\":\"Dentiste - APIGroupe\",\"item\":\"https:\\\/\\\/apigroupe.com\\\/en\\\/\"},{\"@type\":\"ListItem\",\"position\":2,\"name\":\"Dental clinic laval\",\"item\":\"https:\\\/\\\/apigroupe.com\\\/en\\\/dental-clinic-laval\\\/\"},{\"@type\":\"ListItem\",\"position\":3,\"name\":\"Dr Jacques L\u00e9onard\"}]},{\"@type\":\"WebSite\",\"@id\":\"https:\\\/\\\/apigroupe.com\\\/en\\\/#website\",\"url\":\"https:\\\/\\\/apigroupe.com\\\/en\\\/\",\"name\":\"apigroupe\",\"description\":\"Apigroupe\",\"potentialAction\":[{\"@type\":\"SearchAction\",\"target\":{\"@type\":\"EntryPoint\",\"urlTemplate\":\"https:\\\/\\\/apigroupe.com\\\/en\\\/?s={search_term_string}\"},\"query-input\":{\"@type\":\"PropertyValueSpecification\",\"valueRequired\":true,\"valueName\":\"search_term_string\"}}],\"inLanguage\":\"en-US\"}]}<\/script>\n<!-- \/ Yoast SEO plugin. -->","yoast_head_json":{"title":"Dr Jacques L\u00e9onard","robots":{"index":"index","follow":"follow","max-snippet":"max-snippet:-1","max-image-preview":"max-image-preview:large","max-video-preview":"max-video-preview:-1"},"canonical":"https:\/\/apigroupe.com\/en\/dental-clinic-laval\/dr-jacques-leonard\/","og_locale":"en_US","og_type":"article","og_title":"Dr Jacques L\u00e9onard","og_description":"Dr. Jacques L\u00e9onard, general dentist, received his degree in dentistry from Universit\u00e9 Laval. Since then, he has developed a varied...","og_url":"https:\/\/apigroupe.com\/en\/dental-clinic-laval\/dr-jacques-leonard\/","og_site_name":"apigroupe","article_modified_time":"2021-12-07T19:30:45+00:00","twitter_card":"summary_large_image","twitter_misc":{"Est. reading time":"2 minutes"},"schema":{"@context":"https:\/\/schema.org","@graph":[{"@type":"WebPage","@id":"https:\/\/apigroupe.com\/en\/dental-clinic-laval\/dr-jacques-leonard\/","url":"https:\/\/apigroupe.com\/en\/dental-clinic-laval\/dr-jacques-leonard\/","name":"Dr Jacques L\u00e9onard","isPartOf":{"@id":"https:\/\/apigroupe.com\/en\/#website"},"datePublished":"2021-08-03T10:09:19+00:00","dateModified":"2021-12-07T19:30:45+00:00","breadcrumb":{"@id":"https:\/\/apigroupe.com\/en\/dental-clinic-laval\/dr-jacques-leonard\/#breadcrumb"},"inLanguage":"en-US","potentialAction":[{"@type":"ReadAction","target":["https:\/\/apigroupe.com\/en\/dental-clinic-laval\/dr-jacques-leonard\/"]}]},{"@type":"BreadcrumbList","@id":"https:\/\/apigroupe.com\/en\/dental-clinic-laval\/dr-jacques-leonard\/#breadcrumb","itemListElement":[{"@type":"ListItem","position":1,"name":"Dentiste - APIGroupe","item":"https:\/\/apigroupe.com\/en\/"},{"@type":"ListItem","position":2,"name":"Dental clinic laval","item":"https:\/\/apigroupe.com\/en\/dental-clinic-laval\/"},{"@type":"ListItem","position":3,"name":"Dr Jacques L\u00e9onard"}]},{"@type":"WebSite","@id":"https:\/\/apigroupe.com\/en\/#website","url":"https:\/\/apigroupe.com\/en\/","name":"apigroupe","description":"Apigroupe","potentialAction":[{"@type":"SearchAction","target":{"@type":"EntryPoint","urlTemplate":"https:\/\/apigroupe.com\/en\/?s={search_term_string}"},"query-input":{"@type":"PropertyValueSpecification","valueRequired":true,"valueName":"search_term_string"}}],"inLanguage":"en-US"}]}},"_links":{"self":[{"href":"https:\/\/apigroupe.com\/en\/wp-json\/wp\/v2\/pages\/13392","targetHints":{"allow":["GET"]}}],"collection":[{"href":"https:\/\/apigroupe.com\/en\/wp-json\/wp\/v2\/pages"}],"about":[{"href":"https:\/\/apigroupe.com\/en\/wp-json\/wp\/v2\/types\/page"}],"author":[{"embeddable":true,"href":"https:\/\/apigroupe.com\/en\/wp-json\/wp\/v2\/users\/4"}],"replies":[{"embeddable":true,"href":"https:\/\/apigroupe.com\/en\/wp-json\/wp\/v2\/comments?post=13392"}],"version-history":[{"count":5,"href":"https:\/\/apigroupe.com\/en\/wp-json\/wp\/v2\/pages\/13392\/revisions"}],"predecessor-version":[{"id":14034,"href":"https:\/\/apigroupe.com\/en\/wp-json\/wp\/v2\/pages\/13392\/revisions\/14034"}],"up":[{"embeddable":true,"href":"https:\/\/apigroupe.com\/en\/wp-json\/wp\/v2\/pages\/5247"}],"wp:attachment":[{"href":"https:\/\/apigroupe.com\/en\/wp-json\/wp\/v2\/media?parent=13392"}],"curies":[{"name":"wp","href":"https:\/\/api.w.org\/{rel}","templated":true}]}}