{"id":10686,"date":"2020-03-10T10:39:52","date_gmt":"2020-03-10T09:39:52","guid":{"rendered":"https:\/\/apigroupe.com\/?page_id=10686"},"modified":"2026-02-06T10:46:42","modified_gmt":"2026-02-06T09:46:42","slug":"groupe-dentaire-api-in-repentigny","status":"publish","type":"page","link":"https:\/\/apigroupe.com\/en\/groupe-dentaire-api-in-repentigny\/","title":{"rendered":"Groupe dentaire API in Repentigny"},"content":{"rendered":"<p>[vc_row][vc_column]        <style>\n            @media (min-width:426px) {\n                .cover{\n                                }\n\t\t\t\t\n            }\n\t\t\t  @media (max-width:425px) {\n                .cover{\n                \theight: 54.5vw !important;\n    \t\t\t\tbackground-color: #081d31;\n                }\n\t\t\t\t\n            }\n        <\/style>\n        <div class=\"cover\" >\n\n                            <div class=\"desktop\">\n                    <img decoding=\"async\" width=\"2000\" height=\"900\" src=\"https:\/\/apigroupe.com\/wp-content\/uploads\/2017\/10\/header_zone-suivi-Nos-Cliniques-1.jpg\" class=\"attachment-full size-full\" alt=\"Nos cliniques\" \/>                <\/div>\n                <div class=\"mobile\">\n\t\t\t\t\n                 <\/div>\n                    <\/div>\n        [vc_column_text css=&#8221;.vc_custom_1522407786478{margin-top: 10px !important;margin-bottom: 0px !important;padding-bottom: 0px !important;}&#8221; el_class=&#8221;content20vw light&#8221;]<span><span><a href=\"https:\/\/apigroupe.com\/en\/\">Dentiste - APIGroupe<\/a><\/span><\/span>[\/vc_column_text]        <div class=\"ContentTitle \">\n            <div class=\"content\"  style=\"margin-bottom:0px;\">\n                <h1 class=\"title\">Groupe dentaire API in Repentigny<\/h1>\n                <div class=\"desc allUp\">\n                \t<p>\n\t\t\t\t\t\tYour dentist in Repentigny is pleased to welcome you to the new API clinic, located at 667 Notre-Dame Street in Repentigny.\t\t\t\t\t<\/p>    \n                <\/div>\n            <\/div>\n        <\/div>\n        [\/vc_column][\/vc_row][vc_row el_class=&#8221;content20vw sidebar&#8221;][vc_column width=&#8221;8\/12&#8243;]        <div class=\"simpleContent \" style=\"\">\n            The Groupe dentaire API is setting up in Repentigny to offer quality dental care to more and more people on the North Shore of Montreal. As in each of our clinics, you are warmly welcomed and treated compassionately with the same approach that has made the Groupe dentaire API\u2019s reputation over the years. We are committed to treating you with the greatest respect and meeting all your family\u2019s dental needs. In addition, our dental clinic is open until 8:00\u00a0p.m. two evenings a week to welcome you at the time that is most convenient for you.<\/p>\n<p>&nbsp;<\/p>\n<p><strong>The Groupe dentaire API in Repentigny is a multidisciplinary clinic with a <\/strong><strong>dentist who has several years\u2019 experience in general dentistry. We offer treatment in many disciplines of modern dentistry: cosmetic dentistry, implantology, periodontics &amp; endodontics.<\/strong><\/p>\n<div style=\"display: block; float: left; margin-top: 50px;\"><a class=\"default\" href=\"https:\/\/apigroupe.com\/en\/contact-api\/#prendre\">Book an Appointment<\/a><\/div>\n<p>        <\/div>\n        [\/vc_column][vc_column width=&#8221;1\/12&#8243;][\/vc_column][vc_column width=&#8221;1\/4&#8243; el_class=&#8221;wdesktop&#8221;]        <div class=\"callToAction \" style=\"\">\n            <a  class=\"iconLink \" href=\"\/en\/contact-api\/#prendre\"  style=\"background-color:#7dcfd6\">\n                <div class=\"icon \">\n                    <div class=\"normal\">\n                        <img decoding=\"async\" width=\"107\" height=\"107\" src=\"https:\/\/apigroupe.com\/wp-content\/uploads\/2017\/10\/icon_prendez_vous_16.png\" class=\"attachment-full size-full\" alt=\"rendez_vous\" \/><\/div>\n                    <div class=\"hover\">\n                        <img decoding=\"async\" width=\"107\" height=\"107\" src=\"https:\/\/apigroupe.com\/wp-content\/uploads\/2017\/10\/rendez_vous_03.png\" class=\"attachment-full size-full\" alt=\"RDV\" \/><\/div>\n                <\/div>\n                <div>\n                    <div class=\"text\" style=\"color:#ffffff\">\n                        Book an Appointment                    <\/div>\n                <\/div>\n            <\/a>\n        <\/div>\n                <div class=\"simpleContent \" style=\"\">\n            <\/p>\n<div class=\"addressWidget\" style=\"margin-top: 20px;\">\n<p class=\"allUp font18 bold\">Operating hours<\/p>\n<div class=\"week\">\n<div class=\"day\">Monday<\/div>\n<div class=\"time\">11PM &#8211; 8PM<\/div>\n<div class=\"day\">Tuesday<\/div>\n<div class=\"time\">11AM &#8211; 8PM<\/div>\n<div class=\"day\">Wednesday<\/div>\n<div class=\"time\">8PM &#8211; 5PM<\/div>\n<div class=\"day\">Thursday<\/div>\n<div class=\"time\">8AM &#8211; 5PM<\/div>\n<div class=\"day\">Friday<\/div>\n<div class=\"time\">8AM &#8211; 2PM<\/div>\n<\/div>\n<div class=\"addr\">667, rue Notre-Dame, suite 300<br \/>\nRepentigny (QC) J6A 2W5<\/div>\n<\/div>\n<p>        <\/div>\n                            <div class=\"addressWidget\">\n                <div class=\"map\">\n                    <div class=\"img\"><\/div>\n                    <a target=\"_blank\" class=\"default\" href=\"https:\/\/www.google.com\/maps\/place\/667+Rue+Notre-Dame+%23300,+Repentigny,+QC+J6A+2W5,+Canada\/@45.7534543,-73.4335435,17z\/data=!3m1!4b1!4m5!3m4!1s0x4cc8e5ecc7e730eb:0x29f7e2753089f2c4!8m2!3d45.7534506!4d-73.4313548\">Get Directions<\/a>\n                <\/div>\n            <\/div>\n                    [\/vc_column][\/vc_row][vc_row gap=&#8221;35&#8243; el_class=&#8221;content20vw&#8221;][vc_column][vc_column_text el_class=&#8221;content&#8221;]<\/p>\n<h2 class=\"title\" style=\"text-align: center;\">Your dentists in Repentigny<\/h2>\n<p>[\/vc_column_text][vc_row_inner el_class=&#8221;nopaddings flex mreverse&#8221;][vc_column_inner width=&#8221;2\/3&#8243;][vc_column_text]<\/p>\n<p class=\"nomequipe\"><a href=\"https:\/\/apigroupe.com\/en\/groupe-dentaire-api-in-repentigny\/dr-cedrick-truchon\/\"><strong>Dr\u00a0C\u00e9drik Truchon<\/strong><\/a><\/p>\n<p>Dr. Truchon holds a degree in dentistry from the Universit\u00e9 de Montr\u00e9al and is particularly interested in periodontics, dental surgery and cosmetic dentistry. He wants to change the lives of his patients through his work and the care he offers them. To do so, he puts his diligence at their service and is passionate about the use of the latest technology in dentistry. The appearance of your smile, your well-being and your quality of life are always at the heart of his work.<\/p>\n<p>&nbsp;<\/p>\n<p>Dr. Truchon gives his best in everything he undertakes. That\u2019s why he completed the Mont Tremblant Ironman Triathlon in 2014. By trusting him with your dental care, you will be treated by a dentist who always strives to surpass himself in order to provide his clients with a healthy smile.[\/vc_column_text][\/vc_column_inner][vc_column_inner el_class=&#8221;padding45l&#8221; width=&#8221;1\/3&#8243;][vc_single_image image=&#8221;14820&#8243; img_size=&#8221;full&#8221;][\/vc_column_inner][\/vc_row_inner][vc_empty_space][vc_row_inner rtl_reverse=&#8221;yes&#8221; el_class=&#8221;nopaddings flex mreverse&#8221;][vc_column_inner width=&#8221;1\/3&#8243;][vc_single_image image=&#8221;16241&#8243; img_size=&#8221;full&#8221;][\/vc_column_inner][vc_column_inner el_class=&#8221;padding45l&#8221; width=&#8221;2\/3&#8243;][vc_column_text]<\/p>\n<p class=\"nomequipe\"><a href=\"https:\/\/apigroupe.com\/en\/groupe-dentaire-api-in-repentigny\/dr-julien-remillard\/\"><strong>Dr. Julien R\u00e9millard<\/strong><\/a><\/p>\n<p data-pm-slice=\"1 1 []\">Graduating in dental medicine from the University of Montreal in 2015, Dr. R\u00e9millard then moved to Albany, New York, to complete a one-year multidisciplinary residency in collaboration with NYU. There, he developed a particular interest in fixed prosthetics and surgery.<\/p>\n<p>&nbsp;<\/p>\n<p>Known for his attention to detail and gentle approach, Dr. R\u00e9millard welcomes patients of all ages in a calm and respectful environment.<\/p>\n<p>&nbsp;<\/p>\n<p>Outside of work, Dr. R\u00e9millard dedicates his free time to his family and favorite activities, such as fitness, hunting, traveling, and more.<\/p>\n<p>&nbsp;<\/p>\n<p>Come meet him today![\/vc_column_text][\/vc_column_inner][\/vc_row_inner][\/vc_column][\/vc_row][vc_row css=&#8221;.vc_custom_1583760408193{background-color: rgba(127,127,127,0.1) !important;*background-color: rgb(127,127,127) !important;}&#8221; el_class=&#8221;content20vw&#8221;][vc_column][vc_column_text el_class=&#8221;content&#8221;]<\/p>\n<h2 class=\"title\" style=\"text-align: center;\">Services offered <br class=\"\" \/>at our dental clinic in Repentigny<\/h2>\n<div class=\"desc\" style=\"text-align: center;\"><strong>Here is the range of services offered by our dentists in Repentigny.<\/strong><\/div>\n<p>[\/vc_column_text][vc_row_inner gap=&#8221;20&#8243; css=&#8221;.vc_custom_1583760563535{padding-top: 50px !important;}&#8221;][vc_column_inner width=&#8221;1\/2&#8243;]        <div class=\"simpleContent \" style=\"\">\n            We are committed to meeting all your oral health needs. Diagnosis, curative and preventive care: All aspects related to your smile\u2019s health are taken care of by our dental team.<\/p>\n<p>&nbsp;<\/p>\n<p><strong>General dentistry:\u00a0<\/strong> routine examination &amp; cleaning; child-friendly dental care; wisdom tooth extraction; custom mouthguard design for athletes; treatment of bruxism;\u00a0 design and fitting of dentures.        <\/div>\n        [\/vc_column_inner][vc_column_inner width=&#8221;1\/2&#8243;]        <div class=\"simpleContent \" style=\"\">\n            <strong>Cosmetic dentistry:<\/strong>\u00a0 design of dental crowns &amp; bridges; porcelain dental veneers; teeth whitening in the clinic.<\/p>\n<p>&nbsp;<\/p>\n<p><strong>Implantology:<\/strong> dental implants, crowns &amp; dentures on implants.<\/p>\n<p>&nbsp;<\/p>\n<p><strong>Periodontics:<\/strong> preventive care; gum graft; gum treatment without surgery; gum treatment with surgery.<\/p>\n<p>&nbsp;<\/p>\n<p><strong>Endodontics:<\/strong> root canal; apical surgery.        <\/div>\n        [\/vc_column_inner][\/vc_row_inner][\/vc_column][\/vc_row][vc_row equal_height=&#8221;yes&#8221; content_placement=&#8221;middle&#8221; el_class=&#8221;bgbg&#8221;][vc_column]        <div class=\"simpleContent padd4vwtb\" style=\"\">\n            <\/p>\n<p class=\"font30 mfont22 allUp fontbold\" style=\"color: #ffffff; text-align: center; text-transform: uppercase;\">Make an appointment with <br class=\"\" \/>one of our dentists<\/p>\n<p class=\"font18 content30vw\" style=\"color: #ffffff; text-align: center;\">At Groupe dentaire API, our goal is to help you be a part of our extended family, regardless of the nature of your dental needs or oral health condition. We are therefore pleased to welcome you to our Repentigny clinic, which has a schedule designed to accommodate you and allow you to come and meet us at a time that is convenient for you.<\/p>\n<p style=\"text-align: center; width: 100%; display: block; float: left; margin: 1vw 0 5vw 0;\"><a class=\"default\" href=\"https:\/\/apigroupe.com\/en\/contact-api\/#prendre\">Book an Appointment <\/a><\/p>\n<p>        <\/div>\n        [\/vc_column][\/vc_row][vc_row el_class=&#8221;content20vw&#8221;][vc_column][vc_column_text el_class=&#8221;content&#8221;]<\/p>\n<h2 class=\"title\" style=\"text-align: center;\">Discover the API Effect <br class=\"\" \/>at our dental clinic in Repentigny<\/h2>\n<div class=\"desc\" style=\"text-align: center;\">We make the same promise to each of our patients. By visiting us, you will discover the API Effect that has charmed hundreds of patients in Laval, Mascouche, and now Repentigny.<\/div>\n<p>[\/vc_column_text][\/vc_column][\/vc_row][vc_row equal_height=&#8221;yes&#8221; content_placement=&#8221;middle&#8221; el_class=&#8221;content20vw light vw985 nopaddings&#8221;][vc_column width=&#8221;1\/2&#8243;]        <div class=\"simpleContent \" style=\"\">\n            <img decoding=\"async\" class=\"alignnone size-medium imageAdvantage\" src=\"\/wp-content\/uploads\/2020\/03\/Une-approche-humaine.jpg\" alt=\"Une approche humaine\" \/>        <\/div>\n        [\/vc_column][vc_column width=&#8221;1\/2&#8243; el_class=&#8221;spacing v2 v3&#8243;]        <div class=\"simpleContent \" style=\"\">\n            <\/p>\n<h2 class=\"pmargin25 fontbold font20 allUp\">Human approach<\/h2>\n<p class=\"simpleP pmargin15 mpmargin25\">Our approach has made our reputation. Your well-being and comfort are at the heart of our dental practice. We also make sure that we offer each person service with integrity, giving you all the information you need to make an informed decision and maintain optimal oral health. Our ability to listen, our honesty and the quality of our services will help you show the most beautiful of smiles.<\/p>\n<p>        <\/div>\n        [\/vc_column][\/vc_row][vc_row equal_height=&#8221;yes&#8221; content_placement=&#8221;middle&#8221; el_class=&#8221;content20vw light vw985 nopaddings flex mreverse&#8221;][vc_column width=&#8221;1\/2&#8243; el_class=&#8221;spacing v2&#8243;]        <div class=\"simpleContent \" style=\"\">\n            <\/p>\n<h2 class=\"pmargin25 fontbold font20 allUp\">State-of-the-art clinic<\/h2>\n<p class=\"simpleP pmargin15 mpmargin25\">Every dentist and professional on our team keeps abreast of the latest developments in dentistry. We undergo training on a regular basis and use modern technology to provide you with accurate and comfortable care. Thanks to the most effective diagnostic tools and state-of-the-art equipment, no aspect of your oral health is overlooked.<\/p>\n<p>        <\/div>\n        [\/vc_column][vc_column width=&#8221;1\/2&#8243;]        <div class=\"simpleContent \" style=\"\">\n            <img decoding=\"async\" class=\"alignnone size-medium imageAdvantage\" src=\"\/wp-content\/uploads\/2020\/03\/Une-clinique-\u00e0-la-fine-pointe-de-la-technologie.jpg\" alt=\"Scanneur 3D i-Cat pour les implants dentaires\" \/>        <\/div>\n        [\/vc_column][\/vc_row][vc_row equal_height=&#8221;yes&#8221; content_placement=&#8221;middle&#8221; el_class=&#8221;content20vw light vw985 nopaddings&#8221;][vc_column width=&#8221;1\/2&#8243;]        <div class=\"simpleContent \" style=\"\">\n            <img decoding=\"async\" class=\"alignnone size-medium imageAdvantage\" src=\"\/wp-content\/uploads\/2020\/03\/Des-soins-flexibles-et-adaptes-\u00e0-vos-besoins.jpg\" alt=\"SCANNEUR INTRAORAL TRIOS DE 3SHAPE\" \/>        <\/div>\n        [\/vc_column][vc_column width=&#8221;1\/2&#8243; el_class=&#8221;spacing v2 v3&#8243;]        <div class=\"simpleContent \" style=\"\">\n            <\/p>\n<h2 class=\"pmargin25 fontbold font20 allUp\">Flexible care adapted<br \/>\nto your needs<\/h2>\n<p class=\"simpleP pmargin15 mpmargin25\">We offer free* consultations for our cosmetic dentistry and implantology services (*certain conditions apply). That way, you\u2019ll know exactly what options are available to you for healthier teeth and an optimal-looking smile. Our clinics also offer several financing options in order to maximize access to quality dental care for as many people as possible.<\/p>\n<p>        <\/div>\n        [\/vc_column][\/vc_row][vc_row el_class=&#8221;content20vw&#8221;][vc_column]        <div class=\"simpleContent \" style=\"\">\n            <\/p>\n<p style=\"text-align: center;\">The Groupe dentaire API in Repentigny is a modern, state-of-the-art dental clinic with passionate dentists who have your health and well-being at heart.<\/p>\n<p>&nbsp;<\/p>\n<p style=\"text-align: center;\"><strong>Come meet us now; our dentists will be happy to welcome you!<\/strong><\/p>\n<p>        <\/div>\n        [\/vc_column][\/vc_row][vc_row][vc_column]        <div class=\"social_bar\">\n            <div class=\"label\">\n                FOLLOW US:            <\/div>\n            <div class=\"links\">\n\n                                    <a target=\"_blank\" href=\"https:\/\/www.linkedin.com\/company\/groupe-dentaire-api\/\" class=\"link\" >\n                        <i class=\"fa fa-linkedin\"><\/i>\n                    <\/a>\n                                        <a target=\"_blank\" href=\"https:\/\/www.facebook.com\/groupedentaireapi\" class=\"link\" >\n                        <i class=\"fa fa-facebook-f\"><\/i>\n                    <\/a>\n                                        <a target=\"_blank\" href=\"https:\/\/www.instagram.com\/groupedentaireapi\/\" class=\"link\" >\n                        <i class=\"fa fa-instagram\"><\/i>\n                    <\/a>\n                                        <a target=\"_blank\" href=\"https:\/\/www.youtube.com\/channel\/UCsil0debGF6WR0EzE7tGaYg\/videos\" class=\"link\" >\n                        <i class=\"fa fa-youtube-play\"><\/i>\n                    <\/a>\n                                        <a target=\"_blank\" href=\"https:\/\/www.google.com\/search?sxsrf=ALeKk02KWPy1xnZXyfpuel11dHuamVtftQ%3A1603888846721&source=hp&ei=zmaZX_6yJsy3ggfJvYywDA&q=groupe+dentaire+api+repentigny&oq=groupe+dentaire+api+repentigny&gs_lcp=CgZwc3ktYWIQAzICCCYyAggmOgcIIxDqAhAnOgcILhDqAhAnOgQIIxAnOggIABCxAxCDAToFCAAQsQM6AggAOgIILjoFCC4QsQM6BQgAEMsBOgYIABAWEB5QmUpY7nRg4HZoAXAAeACAAXOIAaQVkgEEMjQuNpgBAKABAaoBB2d3cy13aXqwAQo&sclient=psy-ab&ved=0ahUKEwj-0dnHp9fsAhXMm-AKHckeA8YQ4dUDCAk&uact=5\" class=\"link\" >\n                        <i class=\"fa fa-map\"><\/i>\n                    <\/a>\n                                <\/div>\n        <\/div>\n        [\/vc_column][\/vc_row][vc_row][vc_column]        <div id=\"map1\" style=\"width: 100%;height: 650px\"><\/div>\n        <script>\n\n            addedMap = false;\n            jQuery(document).scroll(function () {\n                if (!addedMap && jQuery(document).scrollTop() > 100) {\n                    addedMap = true;\n                    jQuery.getScript(\"https:\/\/maps.googleapis.com\/maps\/api\/js?key=AIzaSyBVMO7oJGbpoNzFxFCwJwh-FW8DlljIY4s\", function () {\n                        var points = new google.maps.LatLng(45.753499, -73.431344);\n                        var styles = [\n                            {\n                                \"stylers\": [\n                                    {\"visibility\": \"on\"},\n                                    {\"hue\": \"#162627\"}\n                                ]\n                            }\n                        ];\n\n                        var mapOptions1 = {\n                            scrollwheel: false,\n                            \/\/ How zoomed in you want the map to start at (always required)\n                            zoom: 16,\n                            center: points, \/\/ New York\n                            \/\/ This is where you would paste any style found on Snazzy Maps.\n                            styles: styles\n                        };\n                        \/\/ Create the Google Map using our element and options defined above\n                        var map1 = new google.maps.Map(document.getElementById(\"map1\"), mapOptions1);\n                        var rectangle = new google.maps.Rectangle();\n\n                        \/\/ Let's also add a marker while we're at it\n                        var marker = new google.maps.Marker({\n                            position: points,\n                            map: map1,\n                            icon: 'https:\/\/apigroupe.com\/wp-content\/uploads\/2020\/03\/icone-map-api.png'\n                        });\n                        marker.setAnimation(google.maps.Animation.BOUNCE);\n\n                        marker.addListener('mouseover', function () {\n                            marker.setAnimation(null);\n                        });\n                        marker.addListener('mouseout',  function () {\n                            marker.setAnimation(google.maps.Animation.BOUNCE);\n                        });\n                    });\n                }\n            });\n        <\/script>\n        [\/vc_column][\/vc_row]<\/p>\n","protected":false},"excerpt":{"rendered":"<p>Your dentists in Repentigny Dr\u00a0C\u00e9drik Truchon Dr. Truchon holds a degree in dentistry from the Universit\u00e9 de Montr\u00e9al and is&#8230;<\/p>\n","protected":false},"author":4,"featured_media":0,"parent":0,"menu_order":0,"comment_status":"closed","ping_status":"closed","template":"","meta":{"_acf_changed":false,"footnotes":""},"class_list":["post-10686","page","type-page","status-publish","hentry"],"acf":[],"yoast_head":"<!-- This site is optimized with the Yoast SEO plugin v27.3 - https:\/\/yoast.com\/product\/yoast-seo-wordpress\/ -->\n<title>Groupe dentaire API in Repentigny | Clinic API - Laval &amp; Repentigny<\/title>\n<meta name=\"robots\" content=\"index, follow, max-snippet:-1, max-image-preview:large, max-video-preview:-1\" \/>\n<link rel=\"canonical\" href=\"https:\/\/apigroupe.com\/en\/groupe-dentaire-api-in-repentigny\/\" \/>\n<meta property=\"og:locale\" content=\"en_US\" \/>\n<meta property=\"og:type\" content=\"article\" \/>\n<meta property=\"og:title\" content=\"Groupe dentaire API in Repentigny | Clinic API - Laval &amp; Repentigny\" \/>\n<meta property=\"og:description\" content=\"Your dentists in Repentigny Dr\u00a0C\u00e9drik Truchon Dr. Truchon holds a degree in dentistry from the Universit\u00e9 de Montr\u00e9al and is...\" \/>\n<meta property=\"og:url\" content=\"https:\/\/apigroupe.com\/en\/groupe-dentaire-api-in-repentigny\/\" \/>\n<meta property=\"og:site_name\" content=\"apigroupe\" \/>\n<meta property=\"article:modified_time\" content=\"2026-02-06T09:46:42+00:00\" \/>\n<meta property=\"og:image\" content=\"https:\/\/apigroupe.com\/wp-content\/uploads\/2017\/11\/header_zone-Nos-Cliniques.jpg\" \/>\n\t<meta property=\"og:image:width\" content=\"2000\" \/>\n\t<meta property=\"og:image:height\" content=\"900\" \/>\n\t<meta property=\"og:image:type\" content=\"image\/jpeg\" \/>\n<meta name=\"twitter:card\" content=\"summary_large_image\" \/>\n<meta name=\"twitter:label1\" content=\"Est. reading time\" \/>\n\t<meta name=\"twitter:data1\" content=\"6 minutes\" \/>\n<script type=\"application\/ld+json\" class=\"yoast-schema-graph\">{\"@context\":\"https:\\\/\\\/schema.org\",\"@graph\":[{\"@type\":\"WebPage\",\"@id\":\"https:\\\/\\\/apigroupe.com\\\/en\\\/groupe-dentaire-api-in-repentigny\\\/\",\"url\":\"https:\\\/\\\/apigroupe.com\\\/en\\\/groupe-dentaire-api-in-repentigny\\\/\",\"name\":\"Groupe dentaire API in Repentigny | Clinic API - Laval & Repentigny\",\"isPartOf\":{\"@id\":\"https:\\\/\\\/apigroupe.com\\\/en\\\/#website\"},\"datePublished\":\"2020-03-10T09:39:52+00:00\",\"dateModified\":\"2026-02-06T09:46:42+00:00\",\"breadcrumb\":{\"@id\":\"https:\\\/\\\/apigroupe.com\\\/en\\\/groupe-dentaire-api-in-repentigny\\\/#breadcrumb\"},\"inLanguage\":\"en-US\",\"potentialAction\":[{\"@type\":\"ReadAction\",\"target\":[\"https:\\\/\\\/apigroupe.com\\\/en\\\/groupe-dentaire-api-in-repentigny\\\/\"]}]},{\"@type\":\"BreadcrumbList\",\"@id\":\"https:\\\/\\\/apigroupe.com\\\/en\\\/groupe-dentaire-api-in-repentigny\\\/#breadcrumb\",\"itemListElement\":[{\"@type\":\"ListItem\",\"position\":1,\"name\":\"Dentiste - APIGroupe\",\"item\":\"https:\\\/\\\/apigroupe.com\\\/en\\\/\"},{\"@type\":\"ListItem\",\"position\":2,\"name\":\"Groupe dentaire API in Repentigny\"}]},{\"@type\":\"WebSite\",\"@id\":\"https:\\\/\\\/apigroupe.com\\\/en\\\/#website\",\"url\":\"https:\\\/\\\/apigroupe.com\\\/en\\\/\",\"name\":\"apigroupe\",\"description\":\"Apigroupe\",\"potentialAction\":[{\"@type\":\"SearchAction\",\"target\":{\"@type\":\"EntryPoint\",\"urlTemplate\":\"https:\\\/\\\/apigroupe.com\\\/en\\\/?s={search_term_string}\"},\"query-input\":{\"@type\":\"PropertyValueSpecification\",\"valueRequired\":true,\"valueName\":\"search_term_string\"}}],\"inLanguage\":\"en-US\"}]}<\/script>\n<!-- \/ Yoast SEO plugin. -->","yoast_head_json":{"title":"Groupe dentaire API in Repentigny | Clinic API - Laval & Repentigny","robots":{"index":"index","follow":"follow","max-snippet":"max-snippet:-1","max-image-preview":"max-image-preview:large","max-video-preview":"max-video-preview:-1"},"canonical":"https:\/\/apigroupe.com\/en\/groupe-dentaire-api-in-repentigny\/","og_locale":"en_US","og_type":"article","og_title":"Groupe dentaire API in Repentigny | Clinic API - Laval & Repentigny","og_description":"Your dentists in Repentigny Dr\u00a0C\u00e9drik Truchon Dr. Truchon holds a degree in dentistry from the Universit\u00e9 de Montr\u00e9al and is...","og_url":"https:\/\/apigroupe.com\/en\/groupe-dentaire-api-in-repentigny\/","og_site_name":"apigroupe","article_modified_time":"2026-02-06T09:46:42+00:00","og_image":[{"width":2000,"height":900,"url":"https:\/\/apigroupe.com\/wp-content\/uploads\/2017\/11\/header_zone-Nos-Cliniques.jpg","type":"image\/jpeg"}],"twitter_card":"summary_large_image","twitter_misc":{"Est. reading time":"6 minutes"},"schema":{"@context":"https:\/\/schema.org","@graph":[{"@type":"WebPage","@id":"https:\/\/apigroupe.com\/en\/groupe-dentaire-api-in-repentigny\/","url":"https:\/\/apigroupe.com\/en\/groupe-dentaire-api-in-repentigny\/","name":"Groupe dentaire API in Repentigny | Clinic API - Laval & Repentigny","isPartOf":{"@id":"https:\/\/apigroupe.com\/en\/#website"},"datePublished":"2020-03-10T09:39:52+00:00","dateModified":"2026-02-06T09:46:42+00:00","breadcrumb":{"@id":"https:\/\/apigroupe.com\/en\/groupe-dentaire-api-in-repentigny\/#breadcrumb"},"inLanguage":"en-US","potentialAction":[{"@type":"ReadAction","target":["https:\/\/apigroupe.com\/en\/groupe-dentaire-api-in-repentigny\/"]}]},{"@type":"BreadcrumbList","@id":"https:\/\/apigroupe.com\/en\/groupe-dentaire-api-in-repentigny\/#breadcrumb","itemListElement":[{"@type":"ListItem","position":1,"name":"Dentiste - APIGroupe","item":"https:\/\/apigroupe.com\/en\/"},{"@type":"ListItem","position":2,"name":"Groupe dentaire API in Repentigny"}]},{"@type":"WebSite","@id":"https:\/\/apigroupe.com\/en\/#website","url":"https:\/\/apigroupe.com\/en\/","name":"apigroupe","description":"Apigroupe","potentialAction":[{"@type":"SearchAction","target":{"@type":"EntryPoint","urlTemplate":"https:\/\/apigroupe.com\/en\/?s={search_term_string}"},"query-input":{"@type":"PropertyValueSpecification","valueRequired":true,"valueName":"search_term_string"}}],"inLanguage":"en-US"}]}},"_links":{"self":[{"href":"https:\/\/apigroupe.com\/en\/wp-json\/wp\/v2\/pages\/10686","targetHints":{"allow":["GET"]}}],"collection":[{"href":"https:\/\/apigroupe.com\/en\/wp-json\/wp\/v2\/pages"}],"about":[{"href":"https:\/\/apigroupe.com\/en\/wp-json\/wp\/v2\/types\/page"}],"author":[{"embeddable":true,"href":"https:\/\/apigroupe.com\/en\/wp-json\/wp\/v2\/users\/4"}],"replies":[{"embeddable":true,"href":"https:\/\/apigroupe.com\/en\/wp-json\/wp\/v2\/comments?post=10686"}],"version-history":[{"count":7,"href":"https:\/\/apigroupe.com\/en\/wp-json\/wp\/v2\/pages\/10686\/revisions"}],"predecessor-version":[{"id":16255,"href":"https:\/\/apigroupe.com\/en\/wp-json\/wp\/v2\/pages\/10686\/revisions\/16255"}],"wp:attachment":[{"href":"https:\/\/apigroupe.com\/en\/wp-json\/wp\/v2\/media?parent=10686"}],"curies":[{"name":"wp","href":"https:\/\/api.w.org\/{rel}","templated":true}]}}